{"id":79,"date":"2026-03-01T18:52:24","date_gmt":"2026-03-01T17:52:24","guid":{"rendered":"https:\/\/www.avecvouspourvous.org\/?page_id=79"},"modified":"2026-03-06T21:16:49","modified_gmt":"2026-03-06T20:16:49","slug":"qui-sommes-nous","status":"publish","type":"page","link":"https:\/\/www.avecvouspourvous.org\/?page_id=79","title":{"rendered":"Qui sommes-nous"},"content":{"rendered":"\n<p>\ud83e\uddd1\ud83c\udffb\u200d\ud83e\udd1d\u200d\ud83d\udc69\ud83c\udffc\ud83e\uddd1\ud83c\udffb\u200d\ud83e\udd1d\u200d\ud83d\udc69\ud83c\udffcDes habitantes et habitants <strong>r\u00e9sidant <\/strong>au village r\u00e9unis autour d&rsquo;une d\u00e9marche citoyenne.<\/p>\n\n\n\n<figure class=\"wp-block-image size-large\"><img loading=\"lazy\" decoding=\"async\" width=\"1024\" height=\"291\" src=\"https:\/\/www.avecvouspourvous.org\/wp-content\/uploads\/2026\/03\/groupe-recadre-rechauffe-1024x291.jpg\" alt=\"\" class=\"wp-image-130\" srcset=\"https:\/\/www.avecvouspourvous.org\/wp-content\/uploads\/2026\/03\/groupe-recadre-rechauffe-1024x291.jpg 1024w, https:\/\/www.avecvouspourvous.org\/wp-content\/uploads\/2026\/03\/groupe-recadre-rechauffe-300x85.jpg 300w, https:\/\/www.avecvouspourvous.org\/wp-content\/uploads\/2026\/03\/groupe-recadre-rechauffe-768x218.jpg 768w, https:\/\/www.avecvouspourvous.org\/wp-content\/uploads\/2026\/03\/groupe-recadre-rechauffe-1536x436.jpg 1536w, https:\/\/www.avecvouspourvous.org\/wp-content\/uploads\/2026\/03\/groupe-recadre-rechauffe-2048x581.jpg 2048w\" sizes=\"auto, (max-width: 1024px) 100vw, 1024px\" \/><\/figure>\n\n\n\n<h2 class=\"wp-block-heading\">Alain VON WIEDNER \/ T\u00eate de liste<\/h2>\n\n\n\n<figure class=\"wp-block-image size-full\"><img loading=\"lazy\" decoding=\"async\" width=\"940\" height=\"788\" src=\"https:\/\/www.avecvouspourvous.org\/wp-content\/uploads\/2026\/03\/Alain.jpg\" alt=\"\" class=\"wp-image-80\" srcset=\"https:\/\/www.avecvouspourvous.org\/wp-content\/uploads\/2026\/03\/Alain.jpg 940w, https:\/\/www.avecvouspourvous.org\/wp-content\/uploads\/2026\/03\/Alain-300x251.jpg 300w, https:\/\/www.avecvouspourvous.org\/wp-content\/uploads\/2026\/03\/Alain-768x644.jpg 768w\" sizes=\"auto, (max-width: 940px) 100vw, 940px\" \/><\/figure>\n\n\n\n<blockquote class=\"wp-block-quote is-layout-flow wp-block-quote-is-layout-flow\">\n<p>Adjoint sortant<\/p>\n<\/blockquote>\n\n\n\n<hr class=\"wp-block-separator has-alpha-channel-opacity\"\/>\n\n\n\n<h2 class=\"wp-block-heading\">Christelle BERST<\/h2>\n\n\n\n<figure class=\"wp-block-image size-full\"><img loading=\"lazy\" decoding=\"async\" width=\"940\" height=\"788\" src=\"https:\/\/www.avecvouspourvous.org\/wp-content\/uploads\/2026\/03\/Christelle.jpg\" alt=\"\" class=\"wp-image-81\" srcset=\"https:\/\/www.avecvouspourvous.org\/wp-content\/uploads\/2026\/03\/Christelle.jpg 940w, https:\/\/www.avecvouspourvous.org\/wp-content\/uploads\/2026\/03\/Christelle-300x251.jpg 300w, https:\/\/www.avecvouspourvous.org\/wp-content\/uploads\/2026\/03\/Christelle-768x644.jpg 768w\" sizes=\"auto, (max-width: 940px) 100vw, 940px\" \/><\/figure>\n\n\n\n<hr class=\"wp-block-separator has-alpha-channel-opacity\"\/>\n\n\n\n<h2 class=\"wp-block-heading\">Emmanuel BEUTEL<\/h2>\n\n\n\n<figure class=\"wp-block-image size-full\"><img loading=\"lazy\" decoding=\"async\" width=\"960\" height=\"805\" src=\"https:\/\/www.avecvouspourvous.org\/wp-content\/uploads\/2026\/03\/Emmanuel.jpg\" alt=\"\" class=\"wp-image-83\" srcset=\"https:\/\/www.avecvouspourvous.org\/wp-content\/uploads\/2026\/03\/Emmanuel.jpg 960w, https:\/\/www.avecvouspourvous.org\/wp-content\/uploads\/2026\/03\/Emmanuel-300x252.jpg 300w, https:\/\/www.avecvouspourvous.org\/wp-content\/uploads\/2026\/03\/Emmanuel-768x644.jpg 768w\" sizes=\"auto, (max-width: 960px) 100vw, 960px\" \/><\/figure>\n\n\n\n<hr class=\"wp-block-separator has-alpha-channel-opacity\"\/>\n\n\n\n<h2 class=\"wp-block-heading\">Barbara BILGER<\/h2>\n\n\n\n<figure class=\"wp-block-image size-full\"><img loading=\"lazy\" decoding=\"async\" width=\"940\" height=\"788\" src=\"https:\/\/www.avecvouspourvous.org\/wp-content\/uploads\/2026\/03\/Barbara.jpg\" alt=\"\" class=\"wp-image-84\" srcset=\"https:\/\/www.avecvouspourvous.org\/wp-content\/uploads\/2026\/03\/Barbara.jpg 940w, https:\/\/www.avecvouspourvous.org\/wp-content\/uploads\/2026\/03\/Barbara-300x251.jpg 300w, https:\/\/www.avecvouspourvous.org\/wp-content\/uploads\/2026\/03\/Barbara-768x644.jpg 768w\" sizes=\"auto, (max-width: 940px) 100vw, 940px\" \/><\/figure>\n\n\n\n<hr class=\"wp-block-separator has-alpha-channel-opacity\"\/>\n\n\n\n<h2 class=\"wp-block-heading\">Mathieu BRAUN<\/h2>\n\n\n\n<figure class=\"wp-block-image size-full\"><img loading=\"lazy\" decoding=\"async\" width=\"940\" height=\"788\" src=\"https:\/\/www.avecvouspourvous.org\/wp-content\/uploads\/2026\/03\/Mathieu.jpg\" alt=\"\" class=\"wp-image-85\" srcset=\"https:\/\/www.avecvouspourvous.org\/wp-content\/uploads\/2026\/03\/Mathieu.jpg 940w, https:\/\/www.avecvouspourvous.org\/wp-content\/uploads\/2026\/03\/Mathieu-300x251.jpg 300w, https:\/\/www.avecvouspourvous.org\/wp-content\/uploads\/2026\/03\/Mathieu-768x644.jpg 768w\" sizes=\"auto, (max-width: 940px) 100vw, 940px\" \/><\/figure>\n\n\n\n<hr class=\"wp-block-separator has-alpha-channel-opacity\"\/>\n\n\n\n<h2 class=\"wp-block-heading\">St\u00e9phane EBERLING<\/h2>\n\n\n\n<figure class=\"wp-block-image size-full\"><img loading=\"lazy\" decoding=\"async\" width=\"960\" height=\"805\" src=\"https:\/\/www.avecvouspourvous.org\/wp-content\/uploads\/2026\/03\/StephaneE.jpg\" alt=\"\" class=\"wp-image-86\" srcset=\"https:\/\/www.avecvouspourvous.org\/wp-content\/uploads\/2026\/03\/StephaneE.jpg 960w, https:\/\/www.avecvouspourvous.org\/wp-content\/uploads\/2026\/03\/StephaneE-300x252.jpg 300w, https:\/\/www.avecvouspourvous.org\/wp-content\/uploads\/2026\/03\/StephaneE-768x644.jpg 768w\" sizes=\"auto, (max-width: 960px) 100vw, 960px\" \/><\/figure>\n\n\n\n<hr class=\"wp-block-separator has-alpha-channel-opacity\"\/>\n\n\n\n<h2 class=\"wp-block-heading\">Alexis FARNER<\/h2>\n\n\n\n<figure class=\"wp-block-image size-full\"><img loading=\"lazy\" decoding=\"async\" width=\"940\" height=\"788\" src=\"https:\/\/www.avecvouspourvous.org\/wp-content\/uploads\/2026\/03\/Alexis.jpg\" alt=\"\" class=\"wp-image-87\" srcset=\"https:\/\/www.avecvouspourvous.org\/wp-content\/uploads\/2026\/03\/Alexis.jpg 940w, https:\/\/www.avecvouspourvous.org\/wp-content\/uploads\/2026\/03\/Alexis-300x251.jpg 300w, https:\/\/www.avecvouspourvous.org\/wp-content\/uploads\/2026\/03\/Alexis-768x644.jpg 768w\" sizes=\"auto, (max-width: 940px) 100vw, 940px\" \/><\/figure>\n\n\n\n<hr class=\"wp-block-separator has-alpha-channel-opacity\"\/>\n\n\n\n<h2 class=\"wp-block-heading\">Charlotte GANGLOFF<\/h2>\n\n\n\n<figure class=\"wp-block-image size-full\"><img loading=\"lazy\" decoding=\"async\" width=\"960\" height=\"805\" src=\"https:\/\/www.avecvouspourvous.org\/wp-content\/uploads\/2026\/03\/Charlotte.jpg\" alt=\"\" class=\"wp-image-88\" srcset=\"https:\/\/www.avecvouspourvous.org\/wp-content\/uploads\/2026\/03\/Charlotte.jpg 960w, https:\/\/www.avecvouspourvous.org\/wp-content\/uploads\/2026\/03\/Charlotte-300x252.jpg 300w, https:\/\/www.avecvouspourvous.org\/wp-content\/uploads\/2026\/03\/Charlotte-768x644.jpg 768w\" sizes=\"auto, (max-width: 960px) 100vw, 960px\" \/><\/figure>\n\n\n\n<blockquote class=\"wp-block-quote is-layout-flow wp-block-quote-is-layout-flow\">\n<p>Conseill\u00e8re sortante<\/p>\n<\/blockquote>\n\n\n\n<hr class=\"wp-block-separator has-alpha-channel-opacity\"\/>\n\n\n\n<h2 class=\"wp-block-heading\">Christine HOMO<\/h2>\n\n\n\n<figure class=\"wp-block-image size-full\"><img loading=\"lazy\" decoding=\"async\" width=\"940\" height=\"788\" src=\"https:\/\/www.avecvouspourvous.org\/wp-content\/uploads\/2026\/03\/Christine.jpg\" alt=\"\" class=\"wp-image-89\" srcset=\"https:\/\/www.avecvouspourvous.org\/wp-content\/uploads\/2026\/03\/Christine.jpg 940w, https:\/\/www.avecvouspourvous.org\/wp-content\/uploads\/2026\/03\/Christine-300x251.jpg 300w, https:\/\/www.avecvouspourvous.org\/wp-content\/uploads\/2026\/03\/Christine-768x644.jpg 768w\" sizes=\"auto, (max-width: 940px) 100vw, 940px\" \/><\/figure>\n\n\n\n<hr class=\"wp-block-separator has-alpha-channel-opacity\"\/>\n\n\n\n<h2 class=\"wp-block-heading\">St\u00e9phane JACOB<\/h2>\n\n\n\n<figure class=\"wp-block-image size-full\"><img loading=\"lazy\" decoding=\"async\" width=\"940\" height=\"788\" src=\"https:\/\/www.avecvouspourvous.org\/wp-content\/uploads\/2026\/03\/StephaneJ.jpg\" alt=\"\" class=\"wp-image-90\" srcset=\"https:\/\/www.avecvouspourvous.org\/wp-content\/uploads\/2026\/03\/StephaneJ.jpg 940w, https:\/\/www.avecvouspourvous.org\/wp-content\/uploads\/2026\/03\/StephaneJ-300x251.jpg 300w, https:\/\/www.avecvouspourvous.org\/wp-content\/uploads\/2026\/03\/StephaneJ-768x644.jpg 768w\" sizes=\"auto, (max-width: 940px) 100vw, 940px\" \/><\/figure>\n\n\n\n<hr class=\"wp-block-separator has-alpha-channel-opacity\"\/>\n\n\n\n<h2 class=\"wp-block-heading\">St\u00e9phanie JUNG<\/h2>\n\n\n\n<figure class=\"wp-block-image size-full\"><img loading=\"lazy\" decoding=\"async\" width=\"940\" height=\"788\" src=\"https:\/\/www.avecvouspourvous.org\/wp-content\/uploads\/2026\/03\/Stephanie.jpg\" alt=\"\" class=\"wp-image-91\" srcset=\"https:\/\/www.avecvouspourvous.org\/wp-content\/uploads\/2026\/03\/Stephanie.jpg 940w, https:\/\/www.avecvouspourvous.org\/wp-content\/uploads\/2026\/03\/Stephanie-300x251.jpg 300w, https:\/\/www.avecvouspourvous.org\/wp-content\/uploads\/2026\/03\/Stephanie-768x644.jpg 768w\" sizes=\"auto, (max-width: 940px) 100vw, 940px\" \/><\/figure>\n\n\n\n<hr class=\"wp-block-separator has-alpha-channel-opacity\"\/>\n\n\n\n<h2 class=\"wp-block-heading\">Dominique KOBI<\/h2>\n\n\n\n<figure class=\"wp-block-image size-full\"><img loading=\"lazy\" decoding=\"async\" width=\"940\" height=\"788\" src=\"https:\/\/www.avecvouspourvous.org\/wp-content\/uploads\/2026\/03\/Dominique.jpg\" alt=\"\" class=\"wp-image-92\" srcset=\"https:\/\/www.avecvouspourvous.org\/wp-content\/uploads\/2026\/03\/Dominique.jpg 940w, https:\/\/www.avecvouspourvous.org\/wp-content\/uploads\/2026\/03\/Dominique-300x251.jpg 300w, https:\/\/www.avecvouspourvous.org\/wp-content\/uploads\/2026\/03\/Dominique-768x644.jpg 768w\" sizes=\"auto, (max-width: 940px) 100vw, 940px\" \/><\/figure>\n\n\n\n<blockquote class=\"wp-block-quote is-layout-flow wp-block-quote-is-layout-flow\">\n<p>Conseill\u00e8re sortante<\/p>\n<\/blockquote>\n\n\n\n<hr class=\"wp-block-separator has-alpha-channel-opacity\"\/>\n\n\n\n<figure class=\"wp-block-image size-full\"><img loading=\"lazy\" decoding=\"async\" width=\"940\" height=\"788\" src=\"https:\/\/www.avecvouspourvous.org\/wp-content\/uploads\/2026\/03\/Olivier.jpg\" alt=\"\" class=\"wp-image-93\" srcset=\"https:\/\/www.avecvouspourvous.org\/wp-content\/uploads\/2026\/03\/Olivier.jpg 940w, https:\/\/www.avecvouspourvous.org\/wp-content\/uploads\/2026\/03\/Olivier-300x251.jpg 300w, https:\/\/www.avecvouspourvous.org\/wp-content\/uploads\/2026\/03\/Olivier-768x644.jpg 768w\" sizes=\"auto, (max-width: 940px) 100vw, 940px\" \/><\/figure>\n\n\n\n<hr class=\"wp-block-separator has-alpha-channel-opacity\"\/>\n\n\n\n<h2 class=\"wp-block-heading\">Cl\u00e9mence SEVREE<\/h2>\n\n\n\n<figure class=\"wp-block-image size-full\"><img loading=\"lazy\" decoding=\"async\" width=\"940\" height=\"788\" src=\"https:\/\/www.avecvouspourvous.org\/wp-content\/uploads\/2026\/03\/Clemence.jpg\" alt=\"\" class=\"wp-image-94\" srcset=\"https:\/\/www.avecvouspourvous.org\/wp-content\/uploads\/2026\/03\/Clemence.jpg 940w, https:\/\/www.avecvouspourvous.org\/wp-content\/uploads\/2026\/03\/Clemence-300x251.jpg 300w, https:\/\/www.avecvouspourvous.org\/wp-content\/uploads\/2026\/03\/Clemence-768x644.jpg 768w\" sizes=\"auto, (max-width: 940px) 100vw, 940px\" \/><\/figure>\n\n\n\n<hr class=\"wp-block-separator has-alpha-channel-opacity\"\/>\n\n\n\n<h2 class=\"wp-block-heading\">Angela SCHAEFFER-JILI<\/h2>\n\n\n\n<figure class=\"wp-block-image size-full\"><img loading=\"lazy\" decoding=\"async\" width=\"940\" height=\"788\" src=\"https:\/\/www.avecvouspourvous.org\/wp-content\/uploads\/2026\/03\/Angela.jpg\" alt=\"\" class=\"wp-image-95\" srcset=\"https:\/\/www.avecvouspourvous.org\/wp-content\/uploads\/2026\/03\/Angela.jpg 940w, https:\/\/www.avecvouspourvous.org\/wp-content\/uploads\/2026\/03\/Angela-300x251.jpg 300w, https:\/\/www.avecvouspourvous.org\/wp-content\/uploads\/2026\/03\/Angela-768x644.jpg 768w\" sizes=\"auto, (max-width: 940px) 100vw, 940px\" \/><\/figure>\n\n\n\n<hr class=\"wp-block-separator has-alpha-channel-opacity\"\/>\n\n\n\n<h2 class=\"wp-block-heading\">Nicolas WEBER<\/h2>\n\n\n\n<figure class=\"wp-block-image size-full\"><img loading=\"lazy\" decoding=\"async\" width=\"940\" height=\"788\" src=\"https:\/\/www.avecvouspourvous.org\/wp-content\/uploads\/2026\/03\/Nicolas.jpg\" alt=\"\" class=\"wp-image-96\" srcset=\"https:\/\/www.avecvouspourvous.org\/wp-content\/uploads\/2026\/03\/Nicolas.jpg 940w, https:\/\/www.avecvouspourvous.org\/wp-content\/uploads\/2026\/03\/Nicolas-300x251.jpg 300w, https:\/\/www.avecvouspourvous.org\/wp-content\/uploads\/2026\/03\/Nicolas-768x644.jpg 768w\" sizes=\"auto, (max-width: 940px) 100vw, 940px\" \/><\/figure>\n\n\n\n<blockquote class=\"wp-block-quote is-layout-flow wp-block-quote-is-layout-flow\">\n<p>Adjoint au maire d\u00e9missionnaire &amp; conseiller sortant<\/p>\n<\/blockquote>\n\n\n\n<hr class=\"wp-block-separator has-alpha-channel-opacity\"\/>\n\n\n\n<h2 class=\"wp-block-heading\">Michel WILT<\/h2>\n\n\n\n<figure class=\"wp-block-image size-full\"><img loading=\"lazy\" decoding=\"async\" width=\"940\" height=\"788\" src=\"https:\/\/www.avecvouspourvous.org\/wp-content\/uploads\/2026\/03\/Michel.jpeg\" alt=\"\" class=\"wp-image-103\" srcset=\"https:\/\/www.avecvouspourvous.org\/wp-content\/uploads\/2026\/03\/Michel.jpeg 940w, https:\/\/www.avecvouspourvous.org\/wp-content\/uploads\/2026\/03\/Michel-300x251.jpeg 300w, https:\/\/www.avecvouspourvous.org\/wp-content\/uploads\/2026\/03\/Michel-768x644.jpeg 768w\" sizes=\"auto, (max-width: 940px) 100vw, 940px\" \/><\/figure>\n\n\n\n<blockquote class=\"wp-block-quote is-layout-flow wp-block-quote-is-layout-flow\">\n<p>Adjoint au maire d\u00e9missionnaire &amp; conseiller sortant<\/p>\n<\/blockquote>\n","protected":false},"excerpt":{"rendered":"<p>\ud83e\uddd1\ud83c\udffb\u200d\ud83e\udd1d\u200d\ud83d\udc69\ud83c\udffc\ud83e\uddd1\ud83c\udffb\u200d\ud83e\udd1d\u200d\ud83d\udc69\ud83c\udffcDes habitantes et habitants r\u00e9sidant au village r\u00e9unis autour d&rsquo;une d\u00e9marche citoyenne. Alain VON WIEDNER \/ T\u00eate de liste Adjoint sortant Christelle BERST Emmanuel BEUTEL Barbara BILGER Mathieu BRAUN St\u00e9phane EBERLING Alexis FARNER Charlotte GANGLOFF Conseill\u00e8re sortante Christine HOMO St\u00e9phane JACOB St\u00e9phanie JUNG Dominique KOBI Conseill\u00e8re sortante Cl\u00e9mence SEVREE Angela SCHAEFFER-JILI Nicolas WEBER Adjoint au [&hellip;]<\/p>\n","protected":false},"author":2,"featured_media":0,"parent":0,"menu_order":0,"comment_status":"closed","ping_status":"closed","template":"","meta":{"_themeisle_gutenberg_block_has_review":false,"footnotes":""},"class_list":["post-79","page","type-page","status-publish","hentry"],"_links":{"self":[{"href":"https:\/\/www.avecvouspourvous.org\/index.php?rest_route=\/wp\/v2\/pages\/79","targetHints":{"allow":["GET"]}}],"collection":[{"href":"https:\/\/www.avecvouspourvous.org\/index.php?rest_route=\/wp\/v2\/pages"}],"about":[{"href":"https:\/\/www.avecvouspourvous.org\/index.php?rest_route=\/wp\/v2\/types\/page"}],"author":[{"embeddable":true,"href":"https:\/\/www.avecvouspourvous.org\/index.php?rest_route=\/wp\/v2\/users\/2"}],"replies":[{"embeddable":true,"href":"https:\/\/www.avecvouspourvous.org\/index.php?rest_route=%2Fwp%2Fv2%2Fcomments&post=79"}],"version-history":[{"count":4,"href":"https:\/\/www.avecvouspourvous.org\/index.php?rest_route=\/wp\/v2\/pages\/79\/revisions"}],"predecessor-version":[{"id":132,"href":"https:\/\/www.avecvouspourvous.org\/index.php?rest_route=\/wp\/v2\/pages\/79\/revisions\/132"}],"wp:attachment":[{"href":"https:\/\/www.avecvouspourvous.org\/index.php?rest_route=%2Fwp%2Fv2%2Fmedia&parent=79"}],"curies":[{"name":"wp","href":"https:\/\/api.w.org\/{rel}","templated":true}]}}